{"id":38,"date":"2022-11-03T19:23:39","date_gmt":"2022-11-03T22:23:39","guid":{"rendered":"https:\/\/seru.uy\/seru\/home\/"},"modified":"2025-06-22T21:18:26","modified_gmt":"2025-06-23T00:18:26","slug":"home","status":"publish","type":"page","link":"https:\/\/seru.uy\/seru\/","title":{"rendered":"Inicio"},"content":{"rendered":"\n\n\n<p>Golocalizaci\u00f3n de Voluntarios GPS&nbsp; <br><\/p>\n\n\n<p>Estaci\u00f3n Montevideo<br><\/p>\n\n\n<p>Biblioteca SERU<br><\/p>\n\n\n\n\n\n\n\n\n<h3>Monitoreo Global<br><\/h3>\n<p>Sistemas de Radiocomunicaciones an\u00e1logos y digitales aut\u00f3nomos para asegurar la comunicaci\u00f3n con y desde cualquier parte del mundo.<br><\/p>\n\n\n\n\n<h4><span><em>\u00abEs mejor estar preparados para<\/em> algo que no va a suceder a que.. Nos suceda algo para lo cual no estamos preparados\u00bb<\/span><\/h4>\n\n\n\n\n<h4>Monitor&nbsp; de Sismos<br><\/h4>\n\n\n<h4>&nbsp; Mapa Mundial &nbsp;&nbsp; de Alertas<\/h4>\n\n\n<h4>Monitoreo Constante<\/h4>\n\n\n\n\n<p><iframe loading=\"lazy\" src=\"https:\/\/www.google.com\/maps\/d\/embed?mid=1eeVTUBqJjYT5KYlMsr5_PN7rNM4DdEML\" width=\"1000\" height=\"600\"><\/iframe><\/p>\n\n\n\n\n\n\n\n\n\n<h2>Voluntarios especializados monitoreando<br><\/h2>\n\n\n<br>\n\n\n<br>\n\n\n<br>\n\n\n<br>\n\n\n\n\n\n\n[smart_post_show id=\u00bb381&#8243;]\n\n\n\n\n<h2>Proyectos en desarrollo<br><\/h2>\n\n\n<br>\n\n\n<br>\n\n\n<br>\n\n\n\n\n","protected":false},"excerpt":{"rendered":"","protected":false},"author":0,"featured_media":0,"parent":0,"menu_order":0,"comment_status":"closed","ping_status":"closed","template":"","meta":{"pagelayer_contact_templates":[],"_pagelayer_content":"","footnotes":""},"class_list":["post-38","page","type-page","status-publish","hentry"],"_links":{"self":[{"href":"https:\/\/seru.uy\/seru\/wp-json\/wp\/v2\/pages\/38","targetHints":{"allow":["GET"]}}],"collection":[{"href":"https:\/\/seru.uy\/seru\/wp-json\/wp\/v2\/pages"}],"about":[{"href":"https:\/\/seru.uy\/seru\/wp-json\/wp\/v2\/types\/page"}],"replies":[{"embeddable":true,"href":"https:\/\/seru.uy\/seru\/wp-json\/wp\/v2\/comments?post=38"}],"version-history":[{"count":50,"href":"https:\/\/seru.uy\/seru\/wp-json\/wp\/v2\/pages\/38\/revisions"}],"predecessor-version":[{"id":694,"href":"https:\/\/seru.uy\/seru\/wp-json\/wp\/v2\/pages\/38\/revisions\/694"}],"wp:attachment":[{"href":"https:\/\/seru.uy\/seru\/wp-json\/wp\/v2\/media?parent=38"}],"curies":[{"name":"wp","href":"https:\/\/api.w.org\/{rel}","templated":true}]}}