{"id":39,"date":"2022-11-03T19:23:39","date_gmt":"2022-11-03T22:23:39","guid":{"rendered":"https:\/\/seru.uy\/seru\/about\/"},"modified":"2024-02-28T15:33:17","modified_gmt":"2024-02-28T18:33:17","slug":"about","status":"publish","type":"page","link":"https:\/\/seru.uy\/seru\/about\/","title":{"rendered":"Nosotros"},"content":{"rendered":"\n\n\n<h2>www.seru.uy<br><\/h2>\n<p><br><\/p>\n\n\n\n\n<h2>\u00c1reas de Especializaci\u00f3n<br><\/h2>\n\n\n\nRadiocomunicaciones\nElectr\u00f3nica \/ Inform\u00e1tica\nEnerg\u00eda solar y e\u00f3lica\nGesti\u00f3n de emergencias\nEstaciones de radio de campa\u00f1a\nGesti\u00f3n de recursos\n\n\n\n\nInundaciones\nTerremotos\nTsunami\nVolcanes\nExplosiones solares\nTormentas el\u00e9ctricas\n\n\n\n\nEpidemias\nFalta de agua potable\nFalta de Alimentos\nContaminaci\u00f3n aire\/tierra\/agua\nFallas estructurales\nRCP Primeros Auxilios\n\n\n\n\n\n\n\n<h2>Misi\u00f3n<\/h2>\n<p style=\"text-align: justify;\"><span style=\"font-size:medium;\"><span style=\"font-family: Arial; font-size: large;\"><span style=\"font-size:medium;\"><span style=\"line-height: 1; font-size: large;\">&nbsp;&nbsp;&nbsp;&nbsp;&nbsp;&nbsp;&nbsp;&nbsp;&nbsp; <span style=\"font-size: x-large; line-height: 2;\">Somos una instituci\u00f3n conformada por un equipo multidisciplinario de voluntarios, fortalecida en la capacitaci\u00f3n y entrenamiento permanente de sus integrantes, con el objetivo de poder apoyar en las tareas de preparaci\u00f3n, respuesta y recuperaci\u00f3n de las emergencias en Uruguay y en el Mundo.<\/span><\/span><\/span><\/span><span style=\"font-size:medium;\"><span style=\"line-height: 1;\"><\/span><\/span><span style=\"line-height: 1;\"><\/span><\/span><br><\/p>\n\n\n\n\n<h2>Comisi\u00f3n Directiva 2022 &#8211; 2024<br><\/h2>\n\n\n\n\n\n\n\n\n\n\n\n\n\n\n\n\n\n\n\n\n\n","protected":false},"excerpt":{"rendered":"","protected":false},"author":0,"featured_media":0,"parent":0,"menu_order":0,"comment_status":"closed","ping_status":"closed","template":"","meta":{"pagelayer_contact_templates":[],"_pagelayer_content":"","footnotes":""},"class_list":["post-39","page","type-page","status-publish","hentry"],"_links":{"self":[{"href":"https:\/\/seru.uy\/seru\/wp-json\/wp\/v2\/pages\/39","targetHints":{"allow":["GET"]}}],"collection":[{"href":"https:\/\/seru.uy\/seru\/wp-json\/wp\/v2\/pages"}],"about":[{"href":"https:\/\/seru.uy\/seru\/wp-json\/wp\/v2\/types\/page"}],"replies":[{"embeddable":true,"href":"https:\/\/seru.uy\/seru\/wp-json\/wp\/v2\/comments?post=39"}],"version-history":[{"count":28,"href":"https:\/\/seru.uy\/seru\/wp-json\/wp\/v2\/pages\/39\/revisions"}],"predecessor-version":[{"id":656,"href":"https:\/\/seru.uy\/seru\/wp-json\/wp\/v2\/pages\/39\/revisions\/656"}],"wp:attachment":[{"href":"https:\/\/seru.uy\/seru\/wp-json\/wp\/v2\/media?parent=39"}],"curies":[{"name":"wp","href":"https:\/\/api.w.org\/{rel}","templated":true}]}}